{"id":5327,"date":"2024-10-31T12:05:22","date_gmt":"2024-10-31T11:05:22","guid":{"rendered":"https:\/\/sangian.ch\/politique-de-cookies\/"},"modified":"2024-10-31T12:05:22","modified_gmt":"2024-10-31T11:05:22","slug":"politique-de-cookies","status":"publish","type":"page","link":"https:\/\/sangian.ch\/fr\/politique-de-cookies\/","title":{"rendered":"Politique de Cookies"},"content":{"rendered":"<p>Avec cette politique en mati\u00e8re de cookies, nous souhaitons expliquer ce que sont les cookies et les technologies similaires aux cookies, comment nous et d'autres fournisseurs de services les utilisons sur ce site web, quelles informations ils collectent, pendant combien de temps et \u00e0 quelles fins nous les utilisons.<\/p><h2>Table des mati\u00e8res<\/h2><ul><li><a href=\"#controller-of-the-website\">Responsable de traitement du site web<\/a><\/li><li><a href=\"#diff-to-privacy-policy\">Ajout \u00e0 la politique de confidentialit\u00e9<\/a><\/li><li><a href=\"#cookie-technology\">Que sont les cookies et les technologies similaires ?<\/a><\/li><li><a href=\"#legal-basis\">Quelle est la base juridique permettant d'installer\/de lire des cookies ?<\/a><\/li><li><a href=\"#rights-of-visitor\">Quels sont les droits de l'utilisateur du site web ?<\/a><\/li><li><a href=\"#manage-cookies\">Comment g\u00e9rer les cookies dans un navigateur ?<\/a><\/li><li><a href=\"#types-of-cookies\">Quels sont les types de cookies existants ?<\/a><\/li><li><a href=\"#cookies-origin\">Qui peut installer des cookies sur ce site web ?<\/a><\/li><li><a href=\"#list-of-services\">Quels sont les cookies utilis\u00e9s sur ce site ?<\/a><\/li><\/ul><h2 id=\"controller-of-the-website\">Responsable de traitement du site web<\/h2><ul><li><strong>Fournisseur: <\/strong>Hotel San Gian St. Moritz, Via San Gian 23, 7500 St. Moritz Switzerland, Allemagne<\/li><li><strong>Courriel: <\/strong><a target=\"_blank\" href=\"mailto:info@sangian.ch\">info@sangian.ch<\/a><\/li><li><strong>T\u00e9l\u00e9phone: <\/strong><a target=\"_blank\" href=\"tel:+41 81 837 09 09\">+41 81 837 09 09<\/a><\/li><li><strong>Formulaire de contact: <\/strong><a target=\"_blank\" href=\"https:\/\/sangian.ch\/fr\/contact\/\">sangian.ch\/fr\/contact\/<\/a><\/li><\/ul><h2 id=\"diff-to-privacy-policy\">Ajout \u00e0 la politique de confidentialit\u00e9<\/h2><p>La pr\u00e9sente politique en mati\u00e8re de cookies compl\u00e8te la politique de confidentialit\u00e9 de ce site web <a href=\"https:\/\/sangian.ch\/fr\/protection-des-donnees\/\" target=\"_blank\"><\/a>. La politique en mati\u00e8re de cookies pr\u00e9cise la mani\u00e8re dont un site web utilise les cookies et les donn\u00e9es qu'il collecte par ce biais, tandis que la politique de confidentialit\u00e9 est une vue d'ensemble plus compl\u00e8te de toutes les activit\u00e9s de traitement des donn\u00e9es sur le site web et au-del\u00e0.<\/p><h2 id=\"cookie-technology\">Que sont les cookies et les technologies similaires ?<\/h2><p>Les cookies sont de petits \u00e9l\u00e9ments d'information semblables \u00e0 des fichiers texte qui peuvent \u00eatre stock\u00e9s et lus sur l'appareil final. Ils ont diverses finalit\u00e9s, notamment le maintien des fonctionnalit\u00e9s de base du site web, la s\u00e9curit\u00e9 et la protection de la vie priv\u00e9e, la fourniture de fonctions optionnelles du site web, la collecte de donn\u00e9es statistiques sur les flux de visiteurs et la fourniture de syst\u00e8mes de marketing. Des exemples pratiques de ce qui peut \u00eatre stock\u00e9 dans les cookies sont le stockage du statut de connexion dans les comptes d'utilisateur, le contenu des paniers d'achat dans les plateformes de commerce \u00e9lectronique, ou un identifiant d'utilisateur pour suivre le comportement sur le site web.<br \/><br \/>Techniquement, les informations peuvent \u00eatre stock\u00e9es de diff\u00e9rentes mani\u00e8res. Les exemples les plus connus sont les cookies HTTP et les technologies similaires aux cookies, comme le stockage local, le stockage de session ou IndexedDB. Chaque type de stockage poss\u00e8de des propri\u00e9t\u00e9s diff\u00e9rentes, qui d\u00e9terminent le traitement technique, l'accessibilit\u00e9 et les contr\u00f4leurs autoris\u00e9s \u00e0 acc\u00e9der \u00e0 l'information. Tous ces types de stockage sont g\u00e9n\u00e9ralement r\u00e9sum\u00e9s sous le terme de \"cookies\" et sont donc d\u00e9sign\u00e9s comme tels dans la pr\u00e9sente politique en mati\u00e8re de cookies.<\/p><h2 id=\"legal-basis\">Quelle est la base juridique permettant d'installer\/de lire des cookies ?<\/h2><p>La mise en place et la lecture de cookies dans l'Union europ\u00e9enne (UE) et l'Espace \u00e9conomique europ\u00e9en (EEE) ne sont autoris\u00e9es, conform\u00e9ment \u00e0 Article 82 de la loi informatique et libert\u00e9s (France) et Article 129 de la loi relative aux communications \u00e9lectroniques (Belgique), que si l'utilisateur a donn\u00e9 son consentement sur la base d'informations compl\u00e8tes concernant les finalit\u00e9s du traitement. L'op\u00e9rateur du site web peut \u00e9galement installer des cookies s'ils sont strictement n\u00e9cessaires pour vous fournir, en tant qu'utilisateur, le service express\u00e9ment demand\u00e9, par exemple le contenu de base de ce site web ou d'autres cookies strictement n\u00e9cessaires pour la fonctionnalit\u00e9 de base du site web, qui vous seront pr\u00e9sent\u00e9s sans votre consentement.<br \/><br \/>En Suisse, l'installation et la lecture de cookies ne sont autoris\u00e9es, conform\u00e9ment \u00e0 l'article 45c point b) FMG (Fernmeldegesetz) que si l'utilisateur a la possibilit\u00e9 de s'opposer au traitement des donn\u00e9es sur la base d'une information compl\u00e8te sur les finalit\u00e9s du traitement. Dans des cas exceptionnels, le consentement doit \u00eatre obtenu pour le traitement des donn\u00e9es personnelles dans les cookies en Suisse.<\/p><h2 id=\"rights-of-visitor\">Quels sont les droits de l'utilisateur du site web ?<\/h2><p>Les services et leurs cookies peuvent \u00eatre d\u00e9finis et lus sur la base juridique de votre consentement ou d'un int\u00e9r\u00eat l\u00e9gitime. Lors de votre premi\u00e8re visite sur ce site web, il vous a \u00e9t\u00e9 demand\u00e9 votre consentement et vous avez eu la possibilit\u00e9 de vous opposer \u00e0 l'utilisation de certains services. Nous avons expliqu\u00e9 quelle base juridique est utilis\u00e9e pour quel service dans notre dialogue sur le consentement.<br \/><br \/>Vous avez le droit de consulter l'historique de vos d\u00e9cisions, de modifier vos param\u00e8tres de confidentialit\u00e9, de vous opposer \u00e0 l'utilisation de services et de r\u00e9voquer votre consentement \u00e0 tout moment. Vous trouverez ci-dessous les possibilit\u00e9s d'exercer vos droits :<br \/><ul><li><a  href=\"#consent-change\" role=\"button\" id=\"rcb-sc-link-change\" data-success-message=\"\" class=\"rcb-sc-link rcb-sc-link-change \">Modifier les param\u00e8tres de confidentialit\u00e9<\/a><\/li><li><a  href=\"#consent-history\" role=\"button\" id=\"rcb-sc-link-history\" data-success-message=\"\" class=\"rcb-sc-link rcb-sc-link-history \">Historique des param\u00e8tres de confidentialit\u00e9<\/a><\/li><li><a  href=\"#consent-revoke\" role=\"button\" id=\"rcb-sc-link-revoke\" data-success-message=\"Vous avez r\u00e9voqu\u00e9 avec succ\u00e8s votre consentement aux services avec ses cookies et au traitement des donn\u00e9es personnelles. La page va \u00eatre recharg\u00e9e maintenant !\" class=\"rcb-sc-link rcb-sc-link-revoke \">Revoke consents<\/a><\/li><\/ul><\/p><h2 id=\"manage-cookies\">Comment g\u00e9rer les cookies dans un navigateur ?<\/h2><p><ul><li><strong>Comment supprimer les cookies dans un navigateur :<\/strong> Pour supprimer les cookies de votre appareil, vous pouvez effacer les donn\u00e9es de navigation dans les param\u00e8tres de votre navigateur. Cette action supprimera tous les cookies de tous les sites web que vous avez visit\u00e9s, y compris, \u00e9ventuellement, les donn\u00e9es de connexion enregistr\u00e9es et les pr\u00e9f\u00e9rences du site. Dans certains navigateurs, vous pouvez simplement supprimer les cookies et les donn\u00e9es similaires sans effacer l'ensemble de l'historique de navigation.<\/li><li><strong>Comment g\u00e9rer les cookies dans un navigateur :<\/strong> Pour un contr\u00f4le plus pr\u00e9cis des cookies sp\u00e9cifiques \u00e0 certains sites web, acc\u00e9dez aux param\u00e8tres de confidentialit\u00e9 et de cookies de votre navigateur. Vous pouvez y r\u00e9gler les pr\u00e9f\u00e9rences relatives \u00e0 l'utilisation des cookies par les diff\u00e9rents sites.<\/li><li><strong>Comment bloquer les cookies dans un navigateur :<\/strong> Il est possible de configurer les param\u00e8tres de la plupart des navigateurs modernes de mani\u00e8re \u00e0 bloquer l'installation de tous les cookies sur votre appareil. Toutefois, le blocage des cookies peut entra\u00eener le dysfonctionnement de certains services et fonctionnalit\u00e9s, par exemple l'ouverture d'une session en tant qu'utilisateur. Vous pouvez \u00e9galement utiliser des extensions pour de nombreux navigateurs qui peuvent bloquer l'installation de cookies sur les sites web.<\/li><li><strong>Comment g\u00e9rer les cookies sur ce site web :<\/strong> Pour adapter vos pr\u00e9f\u00e9rences concernant les cookies sur ce site web, vous pouvez modifier vos pr\u00e9f\u00e9rences \u00e0 tout moment en cliquant sur le lien dans la section \"Droits de l'utiilisateur du site web\".<\/li><\/li><\/ul><p>Vous trouverez plus d'informations sur le traitement des cookies sur le site <a href=\"https:\/\/devowl.io\/rcb\/cookie-handling\/\" target=\"_blank\">devowl.io\/rcb\/cookie-handling\/<\/a>.<\/p><\/p><h2 id=\"types-of-cookies\">Quels sont les types de cookies existants ?<\/h2><p><ul><li><strong>Les Cookies essentiels<\/strong> sont indispensables \u00e0 la fonctionnalit\u00e9 de base d'un site web et permettent des fonctions telles que la sauvegarde des informations de connexion ou l'acc\u00e8s \u00e0 des zones s\u00e9curis\u00e9es du site. Il s'agit, par exemple, des cookies de s\u00e9curit\u00e9, qui permettent d'identifier un robot ind\u00e9sirable sur le site web en stockant une cl\u00e9 d'authentification dans un cookie.<\/li><li><strong>Les Cookies fonctionnels<\/strong> am\u00e9liorent l'exp\u00e9rience de l'utilisateur en stockant des informations et des pr\u00e9f\u00e9rences telles que les param\u00e8tres linguistiques ou les param\u00e8tres d'apparence du site web afin de fournir des services personnalis\u00e9s. Cela inclut, par exemple, les cookies de pr\u00e9f\u00e9rence qui stockent la qualit\u00e9 vid\u00e9o pr\u00e9f\u00e9r\u00e9e de l'utilisateur sur un site web.<\/li><li><strong>Les Cookies statistiques<\/strong> collectent des donn\u00e9es sur l'utilisation d'un site web afin de mieux comprendre le comportement des utilisateurs et d'optimiser les performances du site. Il s'agit, par exemple, d'un identifiant d'utilisateur attribu\u00e9 de mani\u00e8re al\u00e9atoire qui permet de d\u00e9terminer si vous avez visit\u00e9 une sous-page du site web.<\/li><li><strong>Les Cookies marketing <\/strong> sont utilis\u00e9s pour suivre le comportement des utilisateurs sur diff\u00e9rents sites web et pour afficher des publicit\u00e9s personnalis\u00e9es bas\u00e9es sur les int\u00e9r\u00eats et le comportement de navigation des utilisateurs. Il s'agit, par exemple, de cookies publicitaires qui enregistrent une interaction avec une publicit\u00e9 sur le site web et la transmettent aux annonceurs, ou d'un syst\u00e8me de chat pour les questions pr\u00e9alables \u00e0 la vente et l'assistance \u00e0 la client\u00e8le.<\/li><\/li><\/ul><\/p><h2 id=\"cookies-origin\">Qui peut installer des cookies sur ce site web ?<\/h2><p>Sur ce site web, l'\u00e9diteur du site et les services tiers qui sont utilis\u00e9s sur ce site peuvent installer des cookies et acc\u00e9der \u00e0 leur contenu. L'acc\u00e8s aux cookies et \u00e0 leur contenu diff\u00e8re selon qu'il s'agit de cookies de premi\u00e8re partie ou de cookies de tierce partie. Les cookies de premi\u00e8re partie sont cr\u00e9\u00e9s par le site web visit\u00e9 et ne peuvent \u00eatre lus que par l'\u00e9diteur du site web et les services tiers int\u00e9gr\u00e9s sur ce site web. Les cookies de tierce partie sont cr\u00e9\u00e9s par des services g\u00e9n\u00e9ralement tiers sur d'autres domaines, peuvent \u00eatre lus sur tous les sites web sur lesquels le service qui contr\u00f4le le domaine est int\u00e9gr\u00e9 et, par exemple, sont utilis\u00e9s par les r\u00e9seaux publicitaires pour suivre le comportement de l'utilisateur sur diff\u00e9rents sites web et offrir une publicit\u00e9 personnalis\u00e9e.<\/p><h2 id=\"list-of-services\">Quels sont les cookies utilis\u00e9s sur ce site ?<\/h2><script type=\"application\/json\">{\"search\":{\"placeholder\":\"Rechercher ...\"},\"sort\":{\"sortAsc\":\"Trier les colonnes par ordre croissant\",\"sortDesc\":\"Trier les colonnes en ordre d\\u00e9croissant\"},\"pagination\":{\"previous\":\"Pr\\u00e9c\\u00e9dent\",\"next\":\"Suivant\",\"navigate\":\"Page %1$d sur %2$d\",\"page\":\"Page %d\",\"showing\":\"Afficher\",\"of\":\"de\",\"to\":\"\\u00e0\",\"results\":\"r\\u00e9sultats\"},\"noRecordsFound\":\"Aucun r\\u00e9sultat correspondant n'a \\u00e9t\\u00e9 trouv\\u00e9\"}<\/script><table  class=\"devowl-wp-react-cookie-banner-cookie-policy\"><thead><tr><th width=\"200px\" scope=\"col\">Cat\u00e9gorie<\/th><th width=\"400px\" scope=\"col\">Nom du cookie technique<\/th><th width=\"400px\" scope=\"col\">H\u00e9bergeur de cookies techniques<\/th><th width=\"400px\" scope=\"col\">Service<\/th><th width=\"250px\" scope=\"col\">Dur\u00e9e<\/th><th width=\"200px\" scope=\"col\">Type<\/th><th width=\"550px\" scope=\"col\">Finalit\u00e9s<\/th><\/tr><\/thead><tbody><tr><td>Essentiel<\/td><td>wp-wpml_current_language<\/td><td>sangian.ch<\/td><td>WPML<\/td><td>1 jour<\/td><td>HTTP Cookie<\/td><td>Aktuelle Sprache<\/td><\/tr><tr><td>Essentiel<\/td><td>wp-wpml_current_admin_language_*<\/td><td>sangian.ch<\/td><td>WPML<\/td><td>-<\/td><td>IndexedDB<\/td><td>Sprache des WordPress-Administrationsbereichs<\/td><\/tr><tr><td>Essentiel<\/td><td>wpml_browser_redirect_test<\/td><td>sangian.ch<\/td><td>WPML<\/td><td>Session<\/td><td>HTTP Cookie<\/td><td>Pr\u00fcft, ob Cookies gesetzt werden k\u00f6nnen oder nicht<\/td><\/tr><tr><td>Essentiel<\/td><td>_icl_visitor_lang_js<\/td><td>sangian.ch<\/td><td>WPML<\/td><td>Session<\/td><td>HTTP Cookie<\/td><td>Sprache, von der aus eine Weiterleitung erfolgte<\/td><\/tr><tr><td>Essentiel<\/td><td>elementor<\/td><td>https:\/\/sangian.ch<\/td><td>Elementor<\/td><td>-<\/td><td>Local Storage<\/td><td>-<\/td><\/tr><tr><td>Essentiel<\/td><td>elementor<\/td><td>https:\/\/sangian.ch<\/td><td>Elementor<\/td><td>SESSION<\/td><td>Session Storage<\/td><td>-<\/td><\/tr><tr><td>Essentiel<\/td><td>real_cookie_banner*<\/td><td>.sangian.ch<\/td><td>Real Cookie Banner<\/td><td>365 jours<\/td><td>HTTP Cookie<\/td><td>Eindeutiger Identifikator f\u00fcr die Einwilligung, aber nicht f\u00fcr den Website-Besucher. Revisionshash f\u00fcr die Einstellungen des Cookie-Banners (Texte, Farben, Funktionen, Servicegruppen, Dienste, Content Blocker usw.). IDs f\u00fcr eingewilligte Services und Service-Gruppen.<\/td><\/tr><tr><td>Essentiel<\/td><td>real_cookie_banner*-tcf<\/td><td>.sangian.ch<\/td><td>Real Cookie Banner<\/td><td>365 jours<\/td><td>HTTP Cookie<\/td><td>Im Rahmen von TCF gesammelte Einwilligungen, die im TC-String-Format gespeichert werden, einschlie\u00dflich TCF-Vendoren, -Zwecke, -Sonderzwecke, -Funktionen und -Sonderfunktionen.<\/td><\/tr><tr><td>Essentiel<\/td><td>real_cookie_banner*-gcm<\/td><td>.sangian.ch<\/td><td>Real Cookie Banner<\/td><td>365 jours<\/td><td>HTTP Cookie<\/td><td>Die im Google Consent Mode gesammelten Einwilligungen in die verschiedenen Einwilligungstypen (Zwecke) werden f\u00fcr alle mit dem Google Consent Mode kompatiblen Services gespeichert.<\/td><\/tr><tr><td>Essentiel<\/td><td>real_cookie_banner-test<\/td><td>.sangian.ch<\/td><td>Real Cookie Banner<\/td><td>365 jours<\/td><td>HTTP Cookie<\/td><td>Cookie, der gesetzt wurde, um die Funktionalit\u00e4t von HTTP-Cookies zu testen. Wird sofort nach dem Test gel\u00f6scht.<\/td><\/tr><tr><td>Essentiel<\/td><td>real_cookie_banner*<\/td><td>https:\/\/sangian.ch<\/td><td>Real Cookie Banner<\/td><td>-<\/td><td>Local Storage<\/td><td>Eindeutiger Identifikator f\u00fcr die Einwilligung, aber nicht f\u00fcr den Website-Besucher. Revisionshash f\u00fcr die Einstellungen des Cookie-Banners (Texte, Farben, Funktionen, Service-Gruppen, Services, Content Blocker usw.). IDs f\u00fcr eingewilligte Services und Service-Gruppen. Wird nur solange gespeichert, bis die Einwilligung auf dem Website-Server dokumentiert ist.<\/td><\/tr><tr><td>Essentiel<\/td><td>real_cookie_banner*-tcf<\/td><td>https:\/\/sangian.ch<\/td><td>Real Cookie Banner<\/td><td>-<\/td><td>Local Storage<\/td><td>Im Rahmen von TCF gesammelte Einwilligungen werden im TC-String-Format gespeichert, einschlie\u00dflich TCF Vendoren, Zwecke, besondere Zwecke, Funktionen und besondere Funktionen. Wird nur solange gespeichert, bis die Einwilligung auf dem Website-Server dokumentiert ist.<\/td><\/tr><tr><td>Essentiel<\/td><td>real_cookie_banner*-gcm<\/td><td>https:\/\/sangian.ch<\/td><td>Real Cookie Banner<\/td><td>-<\/td><td>Local Storage<\/td><td>Im Rahmen des Google Consent Mode erfasste Einwilligungen werden f\u00fcr alle mit dem Google Consent Mode kompatiblen Services in Einwilligungstypen (Zwecke) gespeichert. Wird nur solange gespeichert, bis die Einwilligung auf dem Website-Server dokumentiert ist.<\/td><\/tr><tr><td>Essentiel<\/td><td>real_cookie_banner-consent-queue*<\/td><td>https:\/\/sangian.ch<\/td><td>Real Cookie Banner<\/td><td>-<\/td><td>Local Storage<\/td><td>Lokale Zwischenspeicherung (Caching) der Auswahl im Cookie-Banner, bis der Server die Einwilligung dokumentiert; Dokumentation periodisch oder bei Seitenwechseln versucht, wenn der Server nicht verf\u00fcgbar oder \u00fcberlastet ist.<\/td><\/tr><tr><td>Fonctionnel<\/td><td>__Secure-3PSIDCC<\/td><td>.google.com<\/td><td>Google Maps<\/td><td>1 ann\u00e9e<\/td><td>HTTP Cookie<\/td><td>-<\/td><\/tr><tr><td>Fonctionnel<\/td><td>__Secure-1PSIDCC<\/td><td>.google.com<\/td><td>Google Maps<\/td><td>1 ann\u00e9e<\/td><td>HTTP Cookie<\/td><td>-<\/td><\/tr><tr><td>Fonctionnel<\/td><td>SIDCC<\/td><td>.google.com<\/td><td>Google Maps<\/td><td>1 ann\u00e9e<\/td><td>HTTP Cookie<\/td><td>-<\/td><\/tr><tr><td>Fonctionnel<\/td><td>__Secure-3PAPISID<\/td><td>.google.com<\/td><td>Google Maps<\/td><td>13 mois<\/td><td>HTTP Cookie<\/td><td>-<\/td><\/tr><tr><td>Fonctionnel<\/td><td>SSID<\/td><td>.google.com<\/td><td>Google Maps<\/td><td>13 mois<\/td><td>HTTP Cookie<\/td><td>-<\/td><\/tr><tr><td>Fonctionnel<\/td><td>__Secure-1PAPISID<\/td><td>.google.com<\/td><td>Google Maps<\/td><td>13 mois<\/td><td>HTTP Cookie<\/td><td>-<\/td><\/tr><tr><td>Fonctionnel<\/td><td>HSID<\/td><td>.google.com<\/td><td>Google Maps<\/td><td>13 mois<\/td><td>HTTP Cookie<\/td><td>-<\/td><\/tr><tr><td>Fonctionnel<\/td><td>__Secure-3PSID<\/td><td>.google.com<\/td><td>Google Maps<\/td><td>13 mois<\/td><td>HTTP Cookie<\/td><td>-<\/td><\/tr><tr><td>Fonctionnel<\/td><td>__Secure-1PSID<\/td><td>.google.com<\/td><td>Google Maps<\/td><td>13 mois<\/td><td>HTTP Cookie<\/td><td>-<\/td><\/tr><tr><td>Fonctionnel<\/td><td>SID<\/td><td>.google.com<\/td><td>Google Maps<\/td><td>13 mois<\/td><td>HTTP Cookie<\/td><td>-<\/td><\/tr><tr><td>Fonctionnel<\/td><td>SAPISID<\/td><td>.google.com<\/td><td>Google Maps<\/td><td>13 mois<\/td><td>HTTP Cookie<\/td><td>-<\/td><\/tr><tr><td>Fonctionnel<\/td><td>APISID<\/td><td>.google.com<\/td><td>Google Maps<\/td><td>13 mois<\/td><td>HTTP Cookie<\/td><td>-<\/td><\/tr><tr><td>Fonctionnel<\/td><td>NID<\/td><td>.google.com<\/td><td>Google Maps<\/td><td>6 mois<\/td><td>HTTP Cookie<\/td><td>-<\/td><\/tr><tr><td>Fonctionnel<\/td><td>CONSENT<\/td><td>.google.com<\/td><td>Google Maps<\/td><td>13 mois<\/td><td>HTTP Cookie<\/td><td>-<\/td><\/tr><tr><td>Fonctionnel<\/td><td>__Secure-ENID<\/td><td>.google.com<\/td><td>Google Maps<\/td><td>13 mois<\/td><td>HTTP Cookie<\/td><td>-<\/td><\/tr><tr><td>Fonctionnel<\/td><td>AEC<\/td><td>.google.com<\/td><td>Google Maps<\/td><td>6 mois<\/td><td>HTTP Cookie<\/td><td>-<\/td><\/tr><tr><td>Fonctionnel<\/td><td>_c;;i<\/td><td>https:\/\/www.google.com<\/td><td>Google Maps<\/td><td>-<\/td><td>Local Storage<\/td><td>-<\/td><\/tr><tr><td>Fonctionnel<\/td><td>LH;;s-*<\/td><td>https:\/\/www.google.com<\/td><td>Google Maps<\/td><td>-<\/td><td>Local Storage<\/td><td>-<\/td><\/tr><tr><td>Fonctionnel<\/td><td>sb_wiz.zpc.gws-wiz.<\/td><td>https:\/\/www.google.com<\/td><td>Google Maps<\/td><td>-<\/td><td>Local Storage<\/td><td>-<\/td><\/tr><tr><td>Fonctionnel<\/td><td>sb_wiz.ueh<\/td><td>https:\/\/www.google.com<\/td><td>Google Maps<\/td><td>-<\/td><td>Local Storage<\/td><td>-<\/td><\/tr><tr><td>Fonctionnel<\/td><td>comment_author_*<\/td><td>sangian.ch<\/td><td>WordPress Comments<\/td><td>1 ann\u00e9e<\/td><td>HTTP Cookie<\/td><td>-<\/td><\/tr><tr><td>Fonctionnel<\/td><td>comment_author_email_*<\/td><td>sangian.ch<\/td><td>WordPress Comments<\/td><td>1 ann\u00e9e<\/td><td>HTTP Cookie<\/td><td>-<\/td><\/tr><tr><td>Fonctionnel<\/td><td>comment_author_url_*<\/td><td>sangian.ch<\/td><td>WordPress Comments<\/td><td>1 ann\u00e9e<\/td><td>HTTP Cookie<\/td><td>-<\/td><\/tr><tr><td>Fonctionnel<\/td><td>wpEmojiSettingsSupports<\/td><td>https:\/\/sangian.ch<\/td><td>WordPress Emojis<\/td><td>SESSION<\/td><td>Session Storage<\/td><td>-<\/td><\/tr><\/tbody><\/table><p>La politique en mati\u00e8re de cookies a \u00e9t\u00e9 mise \u00e0 jour pour la derni\u00e8re fois le 17 d\u00e9cembre 2024.<\/p>\n\n","protected":false},"excerpt":{"rendered":"","protected":false},"author":1,"featured_media":0,"parent":0,"menu_order":0,"comment_status":"closed","ping_status":"closed","template":"elementor_header_footer","meta":{"inline_featured_image":false,"site-sidebar-layout":"default","site-content-layout":"","ast-site-content-layout":"default","site-content-style":"default","site-sidebar-style":"default","ast-global-header-display":"","ast-banner-title-visibility":"","ast-main-header-display":"","ast-hfb-above-header-display":"","ast-hfb-below-header-display":"","ast-hfb-mobile-header-display":"","site-post-title":"","ast-breadcrumbs-content":"","ast-featured-img":"","footer-sml-layout":"","ast-disable-related-posts":"","theme-transparent-header-meta":"","adv-header-id-meta":"","stick-header-meta":"","header-above-stick-meta":"","header-main-stick-meta":"","header-below-stick-meta":"","astra-migrate-meta-layouts":"default","ast-page-background-enabled":"default","ast-page-background-meta":{"desktop":{"background-color":"var(--ast-global-color-4)","background-image":"","background-repeat":"repeat","background-position":"center center","background-size":"auto","background-attachment":"scroll","background-type":"","background-media":"","overlay-type":"","overlay-color":"","overlay-opacity":"","overlay-gradient":""},"tablet":{"background-color":"","background-image":"","background-repeat":"repeat","background-position":"center center","background-size":"auto","background-attachment":"scroll","background-type":"","background-media":"","overlay-type":"","overlay-color":"","overlay-opacity":"","overlay-gradient":""},"mobile":{"background-color":"","background-image":"","background-repeat":"repeat","background-position":"center center","background-size":"auto","background-attachment":"scroll","background-type":"","background-media":"","overlay-type":"","overlay-color":"","overlay-opacity":"","overlay-gradient":""}},"ast-content-background-meta":{"desktop":{"background-color":"var(--ast-global-color-5)","background-image":"","background-repeat":"repeat","background-position":"center center","background-size":"auto","background-attachment":"scroll","background-type":"","background-media":"","overlay-type":"","overlay-color":"","overlay-opacity":"","overlay-gradient":""},"tablet":{"background-color":"var(--ast-global-color-5)","background-image":"","background-repeat":"repeat","background-position":"center center","background-size":"auto","background-attachment":"scroll","background-type":"","background-media":"","overlay-type":"","overlay-color":"","overlay-opacity":"","overlay-gradient":""},"mobile":{"background-color":"var(--ast-global-color-5)","background-image":"","background-repeat":"repeat","background-position":"center center","background-size":"auto","background-attachment":"scroll","background-type":"","background-media":"","overlay-type":"","overlay-color":"","overlay-opacity":"","overlay-gradient":""}},"footnotes":""},"class_list":["post-5327","page","type-page","status-publish","hentry"],"_links":{"self":[{"href":"https:\/\/sangian.ch\/fr\/wp-json\/wp\/v2\/pages\/5327","targetHints":{"allow":["GET"]}}],"collection":[{"href":"https:\/\/sangian.ch\/fr\/wp-json\/wp\/v2\/pages"}],"about":[{"href":"https:\/\/sangian.ch\/fr\/wp-json\/wp\/v2\/types\/page"}],"author":[{"embeddable":true,"href":"https:\/\/sangian.ch\/fr\/wp-json\/wp\/v2\/users\/1"}],"replies":[{"embeddable":true,"href":"https:\/\/sangian.ch\/fr\/wp-json\/wp\/v2\/comments?post=5327"}],"version-history":[{"count":0,"href":"https:\/\/sangian.ch\/fr\/wp-json\/wp\/v2\/pages\/5327\/revisions"}],"wp:attachment":[{"href":"https:\/\/sangian.ch\/fr\/wp-json\/wp\/v2\/media?parent=5327"}],"curies":[{"name":"wp","href":"https:\/\/api.w.org\/{rel}","templated":true}]}}