{"id":3690,"date":"2024-10-16T14:58:33","date_gmt":"2024-10-16T12:58:33","guid":{"rendered":"http:\/\/sangian.ch\/?page_id=3690"},"modified":"2024-12-23T18:45:58","modified_gmt":"2024-12-23T17:45:58","slug":"velo-de-montagne","status":"publish","type":"page","link":"https:\/\/sangian.ch\/fr\/velo-de-montagne\/","title":{"rendered":"V\u00e9lo de montagne"},"content":{"rendered":"\t\t<div data-elementor-type=\"wp-page\" data-elementor-id=\"3690\" class=\"elementor elementor-3690 elementor-3688\" data-elementor-post-type=\"page\">\n\t\t\t\t<div class=\"elementor-element elementor-element-d1c8789 e-flex e-con-boxed e-con e-parent\" data-id=\"d1c8789\" data-element_type=\"container\" data-e-type=\"container\" data-settings=\"{&quot;background_background&quot;:&quot;classic&quot;}\">\n\t\t\t\t\t<div class=\"e-con-inner\">\n\t\t\t\t<div class=\"elementor-element elementor-element-3475aa4 animated-slow elementor-invisible elementor-widget elementor-widget-heading\" data-id=\"3475aa4\" data-element_type=\"widget\" data-e-type=\"widget\" data-settings=\"{&quot;_animation&quot;:&quot;fadeInUp&quot;,&quot;_animation_delay&quot;:200}\" data-widget_type=\"heading.default\">\n\t\t\t\t<div class=\"elementor-widget-container\">\n\t\t\t\t\t<h2 class=\"elementor-heading-title elementor-size-default\">V\u00e9lo de montagne.<br>  400 km de plaisir de conduite.<\/h2>\t\t\t\t<\/div>\n\t\t\t\t<\/div>\n\t\t\t\t\t<\/div>\n\t\t\t\t<\/div>\n\t\t<div class=\"elementor-element elementor-element-7cae71a e-flex e-con-boxed e-con e-parent\" data-id=\"7cae71a\" data-element_type=\"container\" data-e-type=\"container\">\n\t\t\t\t\t<div class=\"e-con-inner\">\n\t\t<div class=\"elementor-element elementor-element-3a1cb3b animated-slow e-flex e-con-boxed elementor-invisible e-con e-child\" data-id=\"3a1cb3b\" data-element_type=\"container\" data-e-type=\"container\" data-settings=\"{&quot;animation&quot;:&quot;fadeIn&quot;,&quot;animation_delay&quot;:200}\">\n\t\t\t\t\t<div class=\"e-con-inner\">\n\t\t<div class=\"elementor-element elementor-element-6b5a985 e-con-full e-flex e-con e-child\" data-id=\"6b5a985\" data-element_type=\"container\" data-e-type=\"container\">\n\t\t\t\t<div class=\"elementor-element elementor-element-48a2163 elementor-invisible elementor-widget elementor-widget-heading\" data-id=\"48a2163\" data-element_type=\"widget\" data-e-type=\"widget\" data-settings=\"{&quot;_animation&quot;:&quot;fadeInUp&quot;,&quot;_animation_delay&quot;:400}\" data-widget_type=\"heading.default\">\n\t\t\t\t<div class=\"elementor-widget-container\">\n\t\t\t\t\t<h3 class=\"elementor-heading-title elementor-size-default\">H\u00f4tel San Gian St. Moritz<\/h3>\t\t\t\t<\/div>\n\t\t\t\t<\/div>\n\t\t\t\t<div class=\"elementor-element elementor-element-725950a animated-slow elementor-invisible elementor-widget elementor-widget-heading\" data-id=\"725950a\" data-element_type=\"widget\" data-e-type=\"widget\" data-settings=\"{&quot;_animation_delay&quot;:500,&quot;_animation&quot;:&quot;fadeInUp&quot;}\" data-widget_type=\"heading.default\">\n\t\t\t\t<div class=\"elementor-widget-container\">\n\t\t\t\t\t<h2 class=\"elementor-heading-title elementor-size-default\">MOUNTBIKING<\/h2>\t\t\t\t<\/div>\n\t\t\t\t<\/div>\n\t\t\t\t<div class=\"elementor-element elementor-element-daa197c animated-slow elementor-invisible elementor-widget elementor-widget-text-editor\" data-id=\"daa197c\" data-element_type=\"widget\" data-e-type=\"widget\" data-settings=\"{&quot;_animation&quot;:&quot;fadeIn&quot;,&quot;_animation_delay&quot;:600}\" data-widget_type=\"text-editor.default\">\n\t\t\t\t<div class=\"elementor-widget-container\">\n\t\t\t\t\t\t\t\t\t<p>Le Signalbahn, qui se trouve juste \u00e0 c\u00f4t\u00e9 de l&rsquo;h\u00f4tel San Gian, vous emm\u00e8ne en quelques minutes dans le paradis absolu du VTT. Le plaisir de la conduite est sans limite. <\/p>\n\t\t\t\t\t\t\t\t<\/div>\n\t\t\t\t<\/div>\n\t\t\t\t<\/div>\n\t\t\t\t\t<\/div>\n\t\t\t\t<\/div>\n\t\t\t\t\t<\/div>\n\t\t\t\t<\/div>\n\t\t<div class=\"elementor-element elementor-element-b5340d0 e-con-full e-flex e-con e-parent\" data-id=\"b5340d0\" data-element_type=\"container\" data-e-type=\"container\">\n\t\t<div class=\"elementor-element elementor-element-c571c73 e-con-full e-flex e-con e-child\" data-id=\"c571c73\" data-element_type=\"container\" data-e-type=\"container\">\n\t\t\t\t<div class=\"elementor-element elementor-element-03b266e elementor-widget elementor-widget-heading\" data-id=\"03b266e\" data-element_type=\"widget\" data-e-type=\"widget\" data-settings=\"{&quot;motion_fx_motion_fx_scrolling&quot;:&quot;yes&quot;,&quot;motion_fx_blur_effect&quot;:&quot;yes&quot;,&quot;motion_fx_blur_level&quot;:{&quot;unit&quot;:&quot;px&quot;,&quot;size&quot;:3,&quot;sizes&quot;:[]},&quot;motion_fx_blur_range&quot;:{&quot;unit&quot;:&quot;%&quot;,&quot;size&quot;:&quot;&quot;,&quot;sizes&quot;:{&quot;start&quot;:20,&quot;end&quot;:40}},&quot;motion_fx_blur_direction&quot;:&quot;out-in&quot;,&quot;motion_fx_devices&quot;:[&quot;widescreen&quot;,&quot;desktop&quot;,&quot;laptop&quot;,&quot;tablet_extra&quot;,&quot;tablet&quot;,&quot;mobile_extra&quot;,&quot;mobile&quot;]}\" data-widget_type=\"heading.default\">\n\t\t\t\t<div class=\"elementor-widget-container\">\n\t\t\t\t\t<h3 class=\"elementor-heading-title elementor-size-default\">D\u00e9part \u00e0 l'h\u00f4tel San Gian<\/h3>\t\t\t\t<\/div>\n\t\t\t\t<\/div>\n\t\t\t\t<div class=\"elementor-element elementor-element-5fde3b3 elementor-widget elementor-widget-heading\" data-id=\"5fde3b3\" data-element_type=\"widget\" data-e-type=\"widget\" data-settings=\"{&quot;motion_fx_motion_fx_scrolling&quot;:&quot;yes&quot;,&quot;motion_fx_blur_effect&quot;:&quot;yes&quot;,&quot;motion_fx_blur_level&quot;:{&quot;unit&quot;:&quot;px&quot;,&quot;size&quot;:3,&quot;sizes&quot;:[]},&quot;motion_fx_blur_range&quot;:{&quot;unit&quot;:&quot;%&quot;,&quot;size&quot;:&quot;&quot;,&quot;sizes&quot;:{&quot;start&quot;:20,&quot;end&quot;:40}},&quot;motion_fx_blur_direction&quot;:&quot;out-in&quot;,&quot;motion_fx_devices&quot;:[&quot;widescreen&quot;,&quot;desktop&quot;,&quot;laptop&quot;,&quot;tablet_extra&quot;,&quot;tablet&quot;,&quot;mobile_extra&quot;,&quot;mobile&quot;]}\" data-widget_type=\"heading.default\">\n\t\t\t\t<div class=\"elementor-widget-container\">\n\t\t\t\t\t<h2 class=\"elementor-heading-title elementor-size-default\">VTT<br> en Engadine<\/h2>\t\t\t\t<\/div>\n\t\t\t\t<\/div>\n\t\t\t\t<div class=\"elementor-element elementor-element-315164d animated-slow elementor-invisible elementor-widget elementor-widget-text-editor\" data-id=\"315164d\" data-element_type=\"widget\" data-e-type=\"widget\" data-settings=\"{&quot;_animation&quot;:&quot;fadeIn&quot;,&quot;_animation_delay&quot;:400}\" data-widget_type=\"text-editor.default\">\n\t\t\t\t<div class=\"elementor-widget-container\">\n\t\t\t\t\t\t\t\t\t<p>Avec le Signalbahn, qui se trouve juste \u00e0 c\u00f4t\u00e9 de l&rsquo;h\u00f4tel San Gian, vous pouvez monter la colline et profiter du plaisir parfait du v\u00e9lo.<\/p>\n<p>Plus de 400 km de plaisir de conduite sur des routes bien balis\u00e9es vous attendent.<\/p>\n<p><strong>  Location de v\u00e9los \u00e9lectriques directement \u00e0 l&rsquo;h\u00f4tel.  <\/strong><\/p>\n<p><strong>Signalbahn: \u00e0 2 minutes.<\/strong><\/p>\n\t\t\t\t\t\t\t\t<\/div>\n\t\t\t\t<\/div>\n\t\t\t\t<\/div>\n\t\t<div class=\"elementor-element elementor-element-cba1f55 e-con-full e-flex e-con e-child\" data-id=\"cba1f55\" data-element_type=\"container\" data-e-type=\"container\">\n\t\t\t\t<div class=\"elementor-element elementor-element-5341827 elementor-widget elementor-widget-image\" data-id=\"5341827\" data-element_type=\"widget\" data-e-type=\"widget\" data-widget_type=\"image.default\">\n\t\t\t\t<div class=\"elementor-widget-container\">\n\t\t\t\t\t\t\t\t\t\t\t\t\t\t\t<img fetchpriority=\"high\" decoding=\"async\" width=\"1200\" height=\"1200\" src=\"https:\/\/sangian.ch\/wp-content\/uploads\/2024\/10\/Hotel-San-Gian-St-Moritz-Sport-Sommer-Mountainbike-3.jpg\" class=\"attachment-full size-full wp-image-3671\" alt=\"Hotel-San-Gian-St-Moritz-Sport-Sommer-Mountainbike-3\" srcset=\"https:\/\/sangian.ch\/wp-content\/uploads\/2024\/10\/Hotel-San-Gian-St-Moritz-Sport-Sommer-Mountainbike-3.jpg 1200w, https:\/\/sangian.ch\/wp-content\/uploads\/2024\/10\/Hotel-San-Gian-St-Moritz-Sport-Sommer-Mountainbike-3-300x300.jpg 300w, https:\/\/sangian.ch\/wp-content\/uploads\/2024\/10\/Hotel-San-Gian-St-Moritz-Sport-Sommer-Mountainbike-3-1024x1024.jpg 1024w, https:\/\/sangian.ch\/wp-content\/uploads\/2024\/10\/Hotel-San-Gian-St-Moritz-Sport-Sommer-Mountainbike-3-150x150.jpg 150w, https:\/\/sangian.ch\/wp-content\/uploads\/2024\/10\/Hotel-San-Gian-St-Moritz-Sport-Sommer-Mountainbike-3-768x768.jpg 768w\" sizes=\"(max-width: 1200px) 100vw, 1200px\" \/>\t\t\t\t\t\t\t\t\t\t\t\t\t\t\t<\/div>\n\t\t\t\t<\/div>\n\t\t\t\t<\/div>\n\t\t\t\t<\/div>\n\t\t<div class=\"elementor-element elementor-element-d59bcbf e-con-full e-flex e-con e-parent\" data-id=\"d59bcbf\" data-element_type=\"container\" data-e-type=\"container\">\n\t\t<div class=\"elementor-element elementor-element-b920f1b e-con-full e-flex e-con e-child\" data-id=\"b920f1b\" data-element_type=\"container\" data-e-type=\"container\">\n\t\t\t\t<div class=\"elementor-element elementor-element-bbdb4f3 elementor-widget elementor-widget-heading\" data-id=\"bbdb4f3\" data-element_type=\"widget\" data-e-type=\"widget\" data-settings=\"{&quot;motion_fx_motion_fx_scrolling&quot;:&quot;yes&quot;,&quot;motion_fx_blur_effect&quot;:&quot;yes&quot;,&quot;motion_fx_blur_level&quot;:{&quot;unit&quot;:&quot;px&quot;,&quot;size&quot;:3,&quot;sizes&quot;:[]},&quot;motion_fx_blur_range&quot;:{&quot;unit&quot;:&quot;%&quot;,&quot;size&quot;:&quot;&quot;,&quot;sizes&quot;:{&quot;start&quot;:20,&quot;end&quot;:40}},&quot;motion_fx_blur_direction&quot;:&quot;out-in&quot;,&quot;motion_fx_devices&quot;:[&quot;widescreen&quot;,&quot;desktop&quot;,&quot;laptop&quot;,&quot;tablet_extra&quot;,&quot;tablet&quot;,&quot;mobile_extra&quot;,&quot;mobile&quot;]}\" data-widget_type=\"heading.default\">\n\t\t\t\t<div class=\"elementor-widget-container\">\n\t\t\t\t\t<h3 class=\"elementor-heading-title elementor-size-default\">L'Engadine, paradis du VTT<\/h3>\t\t\t\t<\/div>\n\t\t\t\t<\/div>\n\t\t\t\t<div class=\"elementor-element elementor-element-b631684 elementor-widget elementor-widget-heading\" data-id=\"b631684\" data-element_type=\"widget\" data-e-type=\"widget\" data-settings=\"{&quot;motion_fx_motion_fx_scrolling&quot;:&quot;yes&quot;,&quot;motion_fx_blur_effect&quot;:&quot;yes&quot;,&quot;motion_fx_blur_level&quot;:{&quot;unit&quot;:&quot;px&quot;,&quot;size&quot;:3,&quot;sizes&quot;:[]},&quot;motion_fx_blur_range&quot;:{&quot;unit&quot;:&quot;%&quot;,&quot;size&quot;:&quot;&quot;,&quot;sizes&quot;:{&quot;start&quot;:20,&quot;end&quot;:40}},&quot;motion_fx_blur_direction&quot;:&quot;out-in&quot;,&quot;motion_fx_devices&quot;:[&quot;widescreen&quot;,&quot;desktop&quot;,&quot;laptop&quot;,&quot;tablet_extra&quot;,&quot;tablet&quot;,&quot;mobile_extra&quot;,&quot;mobile&quot;]}\" data-widget_type=\"heading.default\">\n\t\t\t\t<div class=\"elementor-widget-container\">\n\t\t\t\t\t<h2 class=\"elementor-heading-title elementor-size-default\">Location de v\u00e9los \u00e9lectriques<br> <\/h2>\t\t\t\t<\/div>\n\t\t\t\t<\/div>\n\t\t\t\t<div class=\"elementor-element elementor-element-659aa96 animated-slow elementor-invisible elementor-widget elementor-widget-text-editor\" data-id=\"659aa96\" data-element_type=\"widget\" data-e-type=\"widget\" data-settings=\"{&quot;_animation&quot;:&quot;fadeIn&quot;,&quot;_animation_delay&quot;:400}\" data-widget_type=\"text-editor.default\">\n\t\t\t\t<div class=\"elementor-widget-container\">\n\t\t\t\t\t\t\t\t\t<p>L&rsquo;Engadine est un paradis pour les cyclistes et les v\u00e9t\u00e9tistes &#8211; et avec le v\u00e9lo \u00e9lectrique, m\u00eame les cyclistes moins entra\u00een\u00e9s peuvent facilement s&rsquo;en sortir. La batterie donne un surcro\u00eet de puissance et permet d&rsquo;avancer facilement. <\/p>\n\t\t\t\t\t\t\t\t<\/div>\n\t\t\t\t<\/div>\n\t\t\t\t<\/div>\n\t\t<div class=\"elementor-element elementor-element-19bdd6e e-con-full e-flex e-con e-child\" data-id=\"19bdd6e\" data-element_type=\"container\" data-e-type=\"container\">\n\t\t\t\t<div class=\"elementor-element elementor-element-be8d354 elementor-widget elementor-widget-image\" data-id=\"be8d354\" data-element_type=\"widget\" data-e-type=\"widget\" data-widget_type=\"image.default\">\n\t\t\t\t<div class=\"elementor-widget-container\">\n\t\t\t\t\t\t\t\t\t\t\t\t\t\t\t<img decoding=\"async\" width=\"757\" height=\"1024\" src=\"https:\/\/sangian.ch\/wp-content\/uploads\/2024\/10\/Hotel-San-Gian-St-Moritz-Mountainbiking-2-757x1024.jpg\" class=\"attachment-large size-large wp-image-3720\" alt=\"Hotel-San-Gian-St-Moritz-Mountainbiking-2\" srcset=\"https:\/\/sangian.ch\/wp-content\/uploads\/2024\/10\/Hotel-San-Gian-St-Moritz-Mountainbiking-2-757x1024.jpg 757w, https:\/\/sangian.ch\/wp-content\/uploads\/2024\/10\/Hotel-San-Gian-St-Moritz-Mountainbiking-2-222x300.jpg 222w, https:\/\/sangian.ch\/wp-content\/uploads\/2024\/10\/Hotel-San-Gian-St-Moritz-Mountainbiking-2-768x1038.jpg 768w, https:\/\/sangian.ch\/wp-content\/uploads\/2024\/10\/Hotel-San-Gian-St-Moritz-Mountainbiking-2-1136x1536.jpg 1136w, https:\/\/sangian.ch\/wp-content\/uploads\/2024\/10\/Hotel-San-Gian-St-Moritz-Mountainbiking-2.jpg 1165w\" sizes=\"(max-width: 757px) 100vw, 757px\" \/>\t\t\t\t\t\t\t\t\t\t\t\t\t\t\t<\/div>\n\t\t\t\t<\/div>\n\t\t\t\t<div class=\"elementor-element elementor-element-9e5390b elementor-widget elementor-widget-heading\" data-id=\"9e5390b\" data-element_type=\"widget\" data-e-type=\"widget\" data-settings=\"{&quot;motion_fx_motion_fx_scrolling&quot;:&quot;yes&quot;,&quot;motion_fx_blur_effect&quot;:&quot;yes&quot;,&quot;motion_fx_blur_level&quot;:{&quot;unit&quot;:&quot;px&quot;,&quot;size&quot;:3,&quot;sizes&quot;:[]},&quot;motion_fx_blur_range&quot;:{&quot;unit&quot;:&quot;%&quot;,&quot;size&quot;:&quot;&quot;,&quot;sizes&quot;:{&quot;start&quot;:20,&quot;end&quot;:40}},&quot;motion_fx_blur_direction&quot;:&quot;out-in&quot;,&quot;motion_fx_devices&quot;:[&quot;widescreen&quot;,&quot;desktop&quot;,&quot;laptop&quot;,&quot;tablet_extra&quot;,&quot;tablet&quot;,&quot;mobile_extra&quot;,&quot;mobile&quot;]}\" data-widget_type=\"heading.default\">\n\t\t\t\t<div class=\"elementor-widget-container\">\n\t\t\t\t\t<h3 class=\"elementor-heading-title elementor-size-default\">L'Engadine, paradis du VTT<\/h3>\t\t\t\t<\/div>\n\t\t\t\t<\/div>\n\t\t\t\t<div class=\"elementor-element elementor-element-71bc7a1 elementor-widget elementor-widget-text-editor\" data-id=\"71bc7a1\" data-element_type=\"widget\" data-e-type=\"widget\" data-widget_type=\"text-editor.default\">\n\t\t\t\t<div class=\"elementor-widget-container\">\n\t\t\t\t\t\t\t\t\t<p>Le r\u00e9seau cyclable de la r\u00e9gion de l&rsquo;Engadine est bien d\u00e9velopp\u00e9. Un r\u00e9seau \u00e9tendu de stations de recharge des batteries le long des itin\u00e9raires assure une exp\u00e9rience de conduite sans limites. <\/p>\n<p><a href=\"https:\/\/www.maps.engadin.ch\/fr\/tours\/#cat=VTT&amp;filter=r-fullyTranslatedLangus-,r-openState-,sb-sortedBy-0&amp;ov=mtb&amp;zc=11.,9.77474,46.51115\" target=\"_blank\" rel=\"noopener\">Tours  &gt;<\/a><\/p>\n\t\t\t\t\t\t\t\t<\/div>\n\t\t\t\t<\/div>\n\t\t\t\t<\/div>\n\t\t<div class=\"elementor-element elementor-element-47b4b0c e-con-full e-flex e-con e-child\" data-id=\"47b4b0c\" data-element_type=\"container\" data-e-type=\"container\">\n\t\t\t\t<div class=\"elementor-element elementor-element-8dbff22 elementor-widget elementor-widget-heading\" data-id=\"8dbff22\" data-element_type=\"widget\" data-e-type=\"widget\" data-settings=\"{&quot;motion_fx_motion_fx_scrolling&quot;:&quot;yes&quot;,&quot;motion_fx_blur_effect&quot;:&quot;yes&quot;,&quot;motion_fx_blur_level&quot;:{&quot;unit&quot;:&quot;px&quot;,&quot;size&quot;:3,&quot;sizes&quot;:[]},&quot;motion_fx_blur_range&quot;:{&quot;unit&quot;:&quot;%&quot;,&quot;size&quot;:&quot;&quot;,&quot;sizes&quot;:{&quot;start&quot;:20,&quot;end&quot;:40}},&quot;motion_fx_blur_direction&quot;:&quot;out-in&quot;,&quot;motion_fx_devices&quot;:[&quot;widescreen&quot;,&quot;desktop&quot;,&quot;laptop&quot;,&quot;tablet_extra&quot;,&quot;tablet&quot;,&quot;mobile_extra&quot;,&quot;mobile&quot;]}\" data-widget_type=\"heading.default\">\n\t\t\t\t<div class=\"elementor-widget-container\">\n\t\t\t\t\t<h3 class=\"elementor-heading-title elementor-size-default\">V\u00e9los Specialized<\/h3>\t\t\t\t<\/div>\n\t\t\t\t<\/div>\n\t\t\t\t<div class=\"elementor-element elementor-element-1c873d2 animated-slow elementor-invisible elementor-widget elementor-widget-text-editor\" data-id=\"1c873d2\" data-element_type=\"widget\" data-e-type=\"widget\" data-settings=\"{&quot;_animation&quot;:&quot;fadeIn&quot;,&quot;_animation_delay&quot;:400}\" data-widget_type=\"text-editor.default\">\n\t\t\t\t<div class=\"elementor-widget-container\">\n\t\t\t\t\t\t\t\t\t<div class=\" element-short-top element-short-bottom\" data-os-animation=\"none\" data-os-animation-delay=\"0s\">\n<p>Nous louons nos v\u00e9los \u00e9lectriques de haute qualit\u00e9 directement \u00e0 l&rsquo;h\u00f4tel. Il vous suffit de nous demander : <\/p>\n<p><strong>Location de v\u00e9los :<\/strong><br>CHF 57.00 par 1\/2 journ\u00e9e,<br>CHF 77.00 par jour<\/p>\n<\/div>\t\t\t\t\t\t\t\t<\/div>\n\t\t\t\t<\/div>\n\t\t\t\t<\/div>\n\t\t\t\t<\/div>\n\t\t<div class=\"elementor-element elementor-element-86ca14f e-flex e-con-boxed e-con e-parent\" data-id=\"86ca14f\" data-element_type=\"container\" data-e-type=\"container\">\n\t\t\t\t\t<div class=\"e-con-inner\">\n\t\t<div class=\"elementor-element elementor-element-5359533 e-con-full elementor-hidden-mobile e-flex e-con e-child\" data-id=\"5359533\" data-element_type=\"container\" data-e-type=\"container\">\n\t\t\t\t<div class=\"elementor-element elementor-element-2299177 elementor-widget elementor-widget-image\" data-id=\"2299177\" data-element_type=\"widget\" data-e-type=\"widget\" data-widget_type=\"image.default\">\n\t\t\t\t<div class=\"elementor-widget-container\">\n\t\t\t\t\t\t\t\t\t\t\t\t\t\t\t<img decoding=\"async\" width=\"1066\" height=\"2133\" src=\"https:\/\/sangian.ch\/wp-content\/uploads\/2024\/10\/Hotel-San-Gian-St-Moritz-Mountainbiking-trio-1.jpg\" class=\"attachment-full size-full wp-image-4437\" alt=\"Hotel-San-Gian-St-Moritz-Mountainbiking-trio-1\" srcset=\"https:\/\/sangian.ch\/wp-content\/uploads\/2024\/10\/Hotel-San-Gian-St-Moritz-Mountainbiking-trio-1.jpg 1066w, https:\/\/sangian.ch\/wp-content\/uploads\/2024\/10\/Hotel-San-Gian-St-Moritz-Mountainbiking-trio-1-150x300.jpg 150w, https:\/\/sangian.ch\/wp-content\/uploads\/2024\/10\/Hotel-San-Gian-St-Moritz-Mountainbiking-trio-1-512x1024.jpg 512w, https:\/\/sangian.ch\/wp-content\/uploads\/2024\/10\/Hotel-San-Gian-St-Moritz-Mountainbiking-trio-1-768x1536.jpg 768w, https:\/\/sangian.ch\/wp-content\/uploads\/2024\/10\/Hotel-San-Gian-St-Moritz-Mountainbiking-trio-1-1024x2048.jpg 1024w\" sizes=\"(max-width: 1066px) 100vw, 1066px\" \/>\t\t\t\t\t\t\t\t\t\t\t\t\t\t\t<\/div>\n\t\t\t\t<\/div>\n\t\t\t\t<\/div>\n\t\t<div class=\"elementor-element elementor-element-133641a e-con-full e-flex e-con e-child\" data-id=\"133641a\" data-element_type=\"container\" data-e-type=\"container\">\n\t\t\t\t<div class=\"elementor-element elementor-element-91d35e7 elementor-widget elementor-widget-image\" data-id=\"91d35e7\" data-element_type=\"widget\" data-e-type=\"widget\" data-widget_type=\"image.default\">\n\t\t\t\t<div class=\"elementor-widget-container\">\n\t\t\t\t\t\t\t\t\t\t\t\t\t\t\t<img loading=\"lazy\" decoding=\"async\" width=\"1066\" height=\"2133\" src=\"https:\/\/sangian.ch\/wp-content\/uploads\/2024\/10\/Hotel-San-Gian-St-Moritz-Mountainbiking-trio-2.jpg\" class=\"attachment-full size-full wp-image-4441\" alt=\"Hotel-San-Gian-St-Moritz-Mountainbiking-trio-2\" srcset=\"https:\/\/sangian.ch\/wp-content\/uploads\/2024\/10\/Hotel-San-Gian-St-Moritz-Mountainbiking-trio-2.jpg 1066w, https:\/\/sangian.ch\/wp-content\/uploads\/2024\/10\/Hotel-San-Gian-St-Moritz-Mountainbiking-trio-2-150x300.jpg 150w, https:\/\/sangian.ch\/wp-content\/uploads\/2024\/10\/Hotel-San-Gian-St-Moritz-Mountainbiking-trio-2-512x1024.jpg 512w, https:\/\/sangian.ch\/wp-content\/uploads\/2024\/10\/Hotel-San-Gian-St-Moritz-Mountainbiking-trio-2-768x1536.jpg 768w, https:\/\/sangian.ch\/wp-content\/uploads\/2024\/10\/Hotel-San-Gian-St-Moritz-Mountainbiking-trio-2-1024x2048.jpg 1024w\" sizes=\"(max-width: 1066px) 100vw, 1066px\" \/>\t\t\t\t\t\t\t\t\t\t\t\t\t\t\t<\/div>\n\t\t\t\t<\/div>\n\t\t\t\t<\/div>\n\t\t<div class=\"elementor-element elementor-element-38ae0bd e-con-full elementor-hidden-mobile e-flex e-con e-child\" data-id=\"38ae0bd\" data-element_type=\"container\" data-e-type=\"container\">\n\t\t\t\t<div class=\"elementor-element elementor-element-a2edc8a elementor-widget elementor-widget-image\" data-id=\"a2edc8a\" data-element_type=\"widget\" data-e-type=\"widget\" data-widget_type=\"image.default\">\n\t\t\t\t<div class=\"elementor-widget-container\">\n\t\t\t\t\t\t\t\t\t\t\t\t\t\t\t<img loading=\"lazy\" decoding=\"async\" width=\"1066\" height=\"2133\" src=\"https:\/\/sangian.ch\/wp-content\/uploads\/2024\/10\/Hotel-San-Gian-St-Moritz-Mountainbiking-trio-3.jpg\" class=\"attachment-full size-full wp-image-4445\" alt=\"Hotel-San-Gian-St-Moritz-Mountainbiking-trio-3\" srcset=\"https:\/\/sangian.ch\/wp-content\/uploads\/2024\/10\/Hotel-San-Gian-St-Moritz-Mountainbiking-trio-3.jpg 1066w, https:\/\/sangian.ch\/wp-content\/uploads\/2024\/10\/Hotel-San-Gian-St-Moritz-Mountainbiking-trio-3-150x300.jpg 150w, https:\/\/sangian.ch\/wp-content\/uploads\/2024\/10\/Hotel-San-Gian-St-Moritz-Mountainbiking-trio-3-512x1024.jpg 512w, https:\/\/sangian.ch\/wp-content\/uploads\/2024\/10\/Hotel-San-Gian-St-Moritz-Mountainbiking-trio-3-768x1536.jpg 768w, https:\/\/sangian.ch\/wp-content\/uploads\/2024\/10\/Hotel-San-Gian-St-Moritz-Mountainbiking-trio-3-1024x2048.jpg 1024w\" sizes=\"(max-width: 1066px) 100vw, 1066px\" \/>\t\t\t\t\t\t\t\t\t\t\t\t\t\t\t<\/div>\n\t\t\t\t<\/div>\n\t\t\t\t<\/div>\n\t\t\t\t\t<\/div>\n\t\t\t\t<\/div>\n\t\t\t\t<\/div>\n\t\t","protected":false},"excerpt":{"rendered":"<p>V\u00e9lo de montagne. 400 km de plaisir de conduite. H\u00f4tel San Gian St. Moritz MOUNTBIKING Le Signalbahn, qui se trouve [&hellip;]<\/p>\n","protected":false},"author":1,"featured_media":0,"parent":0,"menu_order":0,"comment_status":"closed","ping_status":"closed","template":"elementor_header_footer","meta":{"inline_featured_image":false,"site-sidebar-layout":"no-sidebar","site-content-layout":"","ast-site-content-layout":"full-width-container","site-content-style":"default","site-sidebar-style":"default","ast-global-header-display":"","ast-banner-title-visibility":"","ast-main-header-display":"","ast-hfb-above-header-display":"","ast-hfb-below-header-display":"","ast-hfb-mobile-header-display":"","site-post-title":"disabled","ast-breadcrumbs-content":"","ast-featured-img":"disabled","footer-sml-layout":"","ast-disable-related-posts":"","theme-transparent-header-meta":"","adv-header-id-meta":"","stick-header-meta":"","header-above-stick-meta":"","header-main-stick-meta":"","header-below-stick-meta":"","astra-migrate-meta-layouts":"default","ast-page-background-enabled":"default","ast-page-background-meta":{"desktop":{"background-color":"var(--ast-global-color-4)","background-image":"","background-repeat":"repeat","background-position":"center center","background-size":"auto","background-attachment":"scroll","background-type":"","background-media":"","overlay-type":"","overlay-color":"","overlay-opacity":"","overlay-gradient":""},"tablet":{"background-color":"","background-image":"","background-repeat":"repeat","background-position":"center center","background-size":"auto","background-attachment":"scroll","background-type":"","background-media":"","overlay-type":"","overlay-color":"","overlay-opacity":"","overlay-gradient":""},"mobile":{"background-color":"","background-image":"","background-repeat":"repeat","background-position":"center center","background-size":"auto","background-attachment":"scroll","background-type":"","background-media":"","overlay-type":"","overlay-color":"","overlay-opacity":"","overlay-gradient":""}},"ast-content-background-meta":{"desktop":{"background-color":"var(--ast-global-color-5)","background-image":"","background-repeat":"repeat","background-position":"center center","background-size":"auto","background-attachment":"scroll","background-type":"","background-media":"","overlay-type":"","overlay-color":"","overlay-opacity":"","overlay-gradient":""},"tablet":{"background-color":"var(--ast-global-color-5)","background-image":"","background-repeat":"repeat","background-position":"center center","background-size":"auto","background-attachment":"scroll","background-type":"","background-media":"","overlay-type":"","overlay-color":"","overlay-opacity":"","overlay-gradient":""},"mobile":{"background-color":"var(--ast-global-color-5)","background-image":"","background-repeat":"repeat","background-position":"center center","background-size":"auto","background-attachment":"scroll","background-type":"","background-media":"","overlay-type":"","overlay-color":"","overlay-opacity":"","overlay-gradient":""}},"footnotes":""},"class_list":["post-3690","page","type-page","status-publish","hentry"],"_links":{"self":[{"href":"https:\/\/sangian.ch\/fr\/wp-json\/wp\/v2\/pages\/3690","targetHints":{"allow":["GET"]}}],"collection":[{"href":"https:\/\/sangian.ch\/fr\/wp-json\/wp\/v2\/pages"}],"about":[{"href":"https:\/\/sangian.ch\/fr\/wp-json\/wp\/v2\/types\/page"}],"author":[{"embeddable":true,"href":"https:\/\/sangian.ch\/fr\/wp-json\/wp\/v2\/users\/1"}],"replies":[{"embeddable":true,"href":"https:\/\/sangian.ch\/fr\/wp-json\/wp\/v2\/comments?post=3690"}],"version-history":[{"count":10,"href":"https:\/\/sangian.ch\/fr\/wp-json\/wp\/v2\/pages\/3690\/revisions"}],"predecessor-version":[{"id":6478,"href":"https:\/\/sangian.ch\/fr\/wp-json\/wp\/v2\/pages\/3690\/revisions\/6478"}],"wp:attachment":[{"href":"https:\/\/sangian.ch\/fr\/wp-json\/wp\/v2\/media?parent=3690"}],"curies":[{"name":"wp","href":"https:\/\/api.w.org\/{rel}","templated":true}]}}